{"id":4083,"date":"2026-03-29T15:05:18","date_gmt":"2026-03-29T12:05:18","guid":{"rendered":"https:\/\/protekno.org\/paketler-tr\/"},"modified":"2026-03-29T15:33:48","modified_gmt":"2026-03-29T12:33:48","slug":"paketler-tr","status":"publish","type":"page","link":"https:\/\/protekno.org\/de\/paketler-tr\/","title":{"rendered":"Pakete DEU"},"content":{"rendered":"\n            <div \n                class=\"elfsight-widget-pricing-table elfsight-widget\" \n                data-elfsight-pricing-table-options=\"%7B%22layout%22%3A%22columns%22%2C%22skin%22%3A%22skin5%22%2C%22mainColor%22%3A%22rgb%280%2C%20131%2C%20255%29%22%2C%22styleColumnBorderRadius%22%3Atrue%2C%22styleColumnBorderWidth%22%3Atrue%2C%22useHorizontalScroll%22%3Afalse%2C%22headTitle%22%3A%22Plan%20name%22%2C%22headFeatures%22%3A%5B%7B%22text%22%3A%22Feature%201%22%7D%2C%7B%22text%22%3A%22Feature%202%22%7D%5D%2C%22headTextColor%22%3A%22rgb%2823%2C%2025%2C%2026%29%22%2C%22headBackgroundColor%22%3A%22rgb%28247%2C%20247%2C%20247%29%22%2C%22toggleVisible%22%3Afalse%2C%22toggleItems%22%3A%5B%5D%2C%22toggleDefaultItem%22%3A%22%22%2C%22toggleColor%22%3A%22%22%2C%22columns%22%3A%5B%7B%22isFeatured%22%3Afalse%2C%22title%22%3A%22Lite%20Plan%22%2C%22titleCaption%22%3A%22Individuals%20and%20small%20teams%22%2C%22features%22%3A%5B%7B%22text%22%3A%22Clean%20and%20easy%20to%20use%20app%22%2C%22icon%22%3A%22check%22%7D%2C%7B%22text%22%3A%22Simple%20widget%20generator%22%2C%22icon%22%3A%22check%22%2C%22hint%22%3A%22Lorem%20ipsum%20dolor%20sit%20amet%2C%20consectetur%20adipiscing%20elit.%22%7D%5D%2C%22priceCurrency%22%3A%22USD%22%2C%22price%22%3A%229%22%2C%22pricePostfix%22%3A%22month%22%2C%22button%22%3A%22Select%22%2C%22buttonLink%22%3A%22https%3A%5C%2F%5C%2Fprotekno.org%5C%2F%22%2C%22buttonCaption%22%3A%2214-day%20money%20back%20guarantee%22%2C%22mainColor%22%3A%22rgb%280%2C%20131%2C%20255%29%22%2C%22priceOptions%22%3A%5B%5D%2C%22buttonOptions%22%3A%5B%5D%2C%22pricePrefix%22%3A%22%22%2C%22priceCaption%22%3A%22%22%2C%22buttonTargetBlank%22%3Atrue%2C%22picture%22%3A%22%22%2C%22ribbonText%22%3A%22%22%2C%22ribbonBackgroundColor%22%3A%22%22%2C%22ribbonTextColor%22%3A%22%22%2C%22contentDivider%22%3Anull%7D%2C%7B%22isFeatured%22%3Atrue%2C%22title%22%3A%22Pro%20Plan%22%2C%22titleCaption%22%3A%22Growing%20businesses%22%2C%22features%22%3A%5B%7B%22text%22%3A%22Clean%20and%20easy%20to%20use%20app%22%2C%22icon%22%3A%22check%22%7D%2C%7B%22text%22%3A%22Simple%20widget%20generator%22%2C%22icon%22%3A%22check%22%2C%22hint%22%3A%22Lorem%20ipsum%20dolor%20sit%20amet%2C%20consectetur%20adipiscing%20elit.%22%7D%2C%7B%22text%22%3A%22Neat%20dashboard%20with%20settings%22%2C%22icon%22%3A%22check%22%7D%5D%2C%22priceCurrency%22%3A%22USD%22%2C%22price%22%3A%2219%22%2C%22pricePostfix%22%3A%22month%22%2C%22button%22%3A%22Select%22%2C%22buttonLink%22%3A%22https%3A%5C%2F%5C%2Fprotekno.org%5C%2F%22%2C%22buttonCaption%22%3A%2214-day%20money%20back%20guarantee%22%2C%22buttonFeatured%22%3Atrue%2C%22ribbonText%22%3A%22Popular%22%2C%22mainColor%22%3A%22rgb%280%2C%20131%2C%20255%29%22%2C%22priceOptions%22%3A%5B%5D%2C%22buttonOptions%22%3A%5B%5D%2C%22pricePrefix%22%3A%22%22%2C%22priceCaption%22%3A%22%22%2C%22buttonTargetBlank%22%3Atrue%2C%22picture%22%3A%22%22%2C%22ribbonBackgroundColor%22%3A%22%22%2C%22ribbonTextColor%22%3A%22%22%2C%22contentDivider%22%3Anull%7D%2C%7B%22isFeatured%22%3Afalse%2C%22title%22%3A%22Enterprise%20Plan%22%2C%22titleCaption%22%3A%22Advanced%20companies%22%2C%22features%22%3A%5B%7B%22text%22%3A%22Clean%20and%20easy%20to%20use%20app%22%2C%22icon%22%3A%22check%22%7D%2C%7B%22text%22%3A%22Simple%20widget%20generator%22%2C%22icon%22%3A%22check%22%2C%22hint%22%3A%22Lorem%20ipsum%20dolor%20sit%20amet%2C%20consectetur%20adipiscing%20elit.%22%7D%2C%7B%22text%22%3A%22Neat%20dashboard%20with%20settings%22%2C%22icon%22%3A%22check%22%7D%2C%7B%22text%22%3A%22Helpful%20live%20support%22%2C%22icon%22%3A%22check%22%7D%2C%7B%22text%22%3A%22Transparent%20price%20structure%22%2C%22icon%22%3A%22check%22%7D%5D%2C%22priceCurrency%22%3A%22USD%22%2C%22price%22%3A%2229%22%2C%22pricePostfix%22%3A%22month%22%2C%22button%22%3A%22Select%22%2C%22buttonLink%22%3A%22https%3A%5C%2F%5C%2Fprotekno.org%5C%2F%22%2C%22buttonCaption%22%3A%2214-day%20money%20back%20guarantee%22%2C%22mainColor%22%3A%22rgb%280%2C%20131%2C%20255%29%22%2C%22priceOptions%22%3A%5B%5D%2C%22buttonOptions%22%3A%5B%5D%2C%22pricePrefix%22%3A%22%22%2C%22priceCaption%22%3A%22%22%2C%22buttonTargetBlank%22%3Atrue%2C%22picture%22%3A%22%22%2C%22ribbonText%22%3A%22%22%2C%22ribbonBackgroundColor%22%3A%22%22%2C%22ribbonTextColor%22%3A%22%22%2C%22contentDivider%22%3Anull%7D%5D%2C%22elements%22%3A%5B%7B%22complexGroup%22%3A%22title%22%2C%22name%22%3A%22Title%22%2C%22titleEnable%22%3Atrue%2C%22titleCaptionColor%22%3A%22%22%2C%22titleTextColor%22%3A%22%22%2C%22titleFontSize%22%3A24%2C%22titleFontWeight%22%3A400%7D%2C%7B%22complexGroup%22%3A%22features%22%2C%22name%22%3A%22Features%22%2C%22featuresEnable%22%3Atrue%2C%22featuresStyle%22%3A%22clean%22%2C%22featuresIconColor%22%3A%22%22%2C%22featuresTextColor%22%3A%22%22%7D%2C%7B%22complexGroup%22%3A%22price%22%2C%22name%22%3A%22Price%22%2C%22priceEnable%22%3Atrue%2C%22priceCaptionColor%22%3A%22%22%2C%22priceTextColor%22%3A%22%22%2C%22priceFontSize%22%3A32%2C%22priceFontWeight%22%3A600%7D%2C%7B%22complexGroup%22%3A%22button%22%2C%22name%22%3A%22Button%22%2C%22buttonEnable%22%3Atrue%2C%22buttonType%22%3A%22outline%22%2C%22buttonColor%22%3A%22%22%2C%22buttonTextColor%22%3A%22%22%2C%22buttonSize%22%3A%22medium%22%2C%22buttonCaptionColor%22%3A%22%22%7D%2C%7B%22complexGroup%22%3A%22picture%22%2C%22name%22%3A%22Picture%22%2C%22pictureEnable%22%3Atrue%7D%5D%2C%22widgetId%22%3A%222%22%7D\" \n                data-elfsight-pricing-table-version=\"2.6.1\"\n                data-elfsight-widget-id=\"elfsight-pricing-table-2\">\n            <\/div>\n            \n\n\n\n<style>\n  .ozel-destek-karti {\n    background: linear-gradient(135deg, #f0f7ff 0%, #ffffff 100%);\n    border: 1px solid #d6e8ff;\n    border-radius: 16px;\n    padding: 40px 24px;\n    text-align: center;\n    max-width: 650px;\n    margin: 50px auto;\n    box-shadow: 0 10px 30px rgba(0, 86, 179, 0.08);\n    font-family: inherit;\n    box-sizing: border-box;\n  }\n\n  .ozel-destek-ikon {\n    width: 70px;\n    height: 70px;\n    margin: 0 auto 20px auto;\n    background: #e0f0ff;\n    border-radius: 50%;\n    display: flex;\n    align-items: center;\n    justify-content: center;\n    box-shadow: 0 4px 15px rgba(0, 123, 255, 0.15);\n  }\n\n  .ozel-destek-ikon svg {\n    width: 36px;\n    height: 36px;\n    color: #0056b3;\n  }\n\n  .ozel-destek-baslik {\n    color: #003d82;\n    font-size: 24px;\n    font-weight: 700;\n    margin-top: 0;\n    margin-bottom: 12px;\n  }\n\n  .ozel-destek-metin {\n    color: #505d6e;\n    font-size: 16px;\n    line-height: 1.6;\n    margin-bottom: 30px;\n  }\n\n  .ozel-destek-buton {\n    display: inline-block;\n    background: linear-gradient(135deg, #0062cc 0%, #0088ff 100%);\n    color: #ffffff !important;\n    text-decoration: none !important;\n    padding: 14px 36px;\n    border-radius: 50px;\n    font-size: 16px;\n    font-weight: 600;\n    transition: all 0.3s ease;\n    box-shadow: 0 6px 16px rgba(0, 123, 255, 0.3);\n  }\n\n  .ozel-destek-buton:hover {\n    background: linear-gradient(135deg, #004da8 0%, #0062cc 100%);\n    box-shadow: 0 8px 20px rgba(0, 123, 255, 0.4);\n    transform: translateY(-3px);\n  }\n<\/style>\n\n<div class=\"ozel-destek-karti\">\n  <div class=\"ozel-destek-ikon\">\n    <svg xmlns=\"http:\/\/www.w3.org\/2000\/svg\" viewBox=\"0 0 24 24\" fill=\"none\" stroke=\"currentColor\" stroke-width=\"2\" stroke-linecap=\"round\" stroke-linejoin=\"round\">\n      <circle cx=\"12\" cy=\"12\" r=\"10\"><\/circle>\n      <line x1=\"2\" y1=\"12\" x2=\"22\" y2=\"12\"><\/line>\n      <path d=\"M12 2a15.3 15.3 0 0 1 4 10 15.3 15.3 0 0 1-4 10 15.3 15.3 0 0 1-4-10 15.3 15.3 0 0 1 4-10z\"><\/path>\n    <\/svg>\n  <\/div>\n  \n  <h3 class=\"ozel-destek-baslik\">Ben\u00f6tigen Sie Unterst\u00fctzung?<\/h3>\n  \n  <p class=\"ozel-destek-metin\">\n    Haben Sie Fragen zu den Themen in diesem Artikel oder ben\u00f6tigen Sie professionelle Unterst\u00fctzung? Sie k\u00f6nnen mich jederzeit kontaktieren, um weitere Details und Ihre Projekte zu besprechen.\n  <\/p>\n  \n  <a href=\"de\/kontakt\/\" class=\"ozel-destek-buton\">Kontakt aufnehmen<\/a>\n<\/div>\n","protected":false},"excerpt":{"rendered":"<p>Ben\u00f6tigen Sie Unterst\u00fctzung? Haben Sie Fragen zu den Themen in diesem Artikel oder ben\u00f6tigen Sie professionelle Unterst\u00fctzung? Sie k\u00f6nnen mich jederzeit kontaktieren, um weitere Details und Ihre Projekte zu besprechen. Kontakt aufnehmen<\/p>\n","protected":false},"author":1,"featured_media":0,"parent":0,"menu_order":0,"comment_status":"closed","ping_status":"closed","template":"","meta":{"footnotes":""},"class_list":["post-4083","page","type-page","status-publish","hentry"],"yoast_head":"<!-- This site is optimized with the Yoast SEO plugin v27.1.1 - https:\/\/yoast.com\/product\/yoast-seo-wordpress\/ -->\n<title>Pakete DEU - PRO Tekno Ajans\u0131<\/title>\n<meta name=\"robots\" content=\"noindex, nofollow\" \/>\n<meta property=\"og:locale\" content=\"de_DE\" \/>\n<meta property=\"og:type\" content=\"article\" \/>\n<meta property=\"og:title\" content=\"Pakete DEU - PRO Tekno Ajans\u0131\" \/>\n<meta property=\"og:description\" content=\"Ben\u00f6tigen Sie Unterst\u00fctzung? Haben Sie Fragen zu den Themen in diesem Artikel oder ben\u00f6tigen Sie professionelle Unterst\u00fctzung? Sie k\u00f6nnen mich jederzeit kontaktieren, um weitere Details und Ihre Projekte zu besprechen. Kontakt aufnehmen\" \/>\n<meta property=\"og:url\" content=\"https:\/\/protekno.org\/de\/paketler-tr\/\" \/>\n<meta property=\"og:site_name\" content=\"PRO Tekno Ajans\u0131\" \/>\n<meta property=\"article:modified_time\" content=\"2026-03-29T12:33:48+00:00\" \/>\n<meta name=\"twitter:card\" content=\"summary_large_image\" \/>\n<meta name=\"twitter:label1\" content=\"Gesch\u00e4tzte Lesezeit\" \/>\n\t<meta name=\"twitter:data1\" content=\"1\u00a0Minute\" \/>\n<script type=\"application\/ld+json\" class=\"yoast-schema-graph\">{\"@context\":\"https:\/\/schema.org\",\"@graph\":[{\"@type\":\"WebPage\",\"@id\":\"https:\/\/protekno.org\/de\/paketler-tr\/\",\"url\":\"https:\/\/protekno.org\/de\/paketler-tr\/\",\"name\":\"Pakete DEU - PRO Tekno Ajans\u0131\",\"isPartOf\":{\"@id\":\"https:\/\/protekno.org\/#website\"},\"datePublished\":\"2026-03-29T12:05:18+00:00\",\"dateModified\":\"2026-03-29T12:33:48+00:00\",\"breadcrumb\":{\"@id\":\"https:\/\/protekno.org\/de\/paketler-tr\/#breadcrumb\"},\"inLanguage\":\"de\",\"potentialAction\":[{\"@type\":\"ReadAction\",\"target\":[\"https:\/\/protekno.org\/de\/paketler-tr\/\"]}]},{\"@type\":\"BreadcrumbList\",\"@id\":\"https:\/\/protekno.org\/de\/paketler-tr\/#breadcrumb\",\"itemListElement\":[{\"@type\":\"ListItem\",\"position\":1,\"name\":\"Home\",\"item\":\"https:\/\/protekno.org\/de\/\"},{\"@type\":\"ListItem\",\"position\":2,\"name\":\"Pakete DEU\"}]},{\"@type\":\"WebSite\",\"@id\":\"https:\/\/protekno.org\/#website\",\"url\":\"https:\/\/protekno.org\/\",\"name\":\"PRO Tekno Ajans\u0131\",\"description\":\"Profesyonel SEO Ajans\u0131, \u0130stanbulda Kadik\u00f6yde SEO E\u011fitimi\",\"potentialAction\":[{\"@type\":\"SearchAction\",\"target\":{\"@type\":\"EntryPoint\",\"urlTemplate\":\"https:\/\/protekno.org\/?s={search_term_string}\"},\"query-input\":{\"@type\":\"PropertyValueSpecification\",\"valueRequired\":true,\"valueName\":\"search_term_string\"}}],\"inLanguage\":\"de\"}]}<\/script>\n<!-- \/ Yoast SEO plugin. -->","yoast_head_json":{"title":"Pakete DEU - PRO Tekno Ajans\u0131","robots":{"index":"noindex","follow":"nofollow"},"og_locale":"de_DE","og_type":"article","og_title":"Pakete DEU - PRO Tekno Ajans\u0131","og_description":"Ben\u00f6tigen Sie Unterst\u00fctzung? Haben Sie Fragen zu den Themen in diesem Artikel oder ben\u00f6tigen Sie professionelle Unterst\u00fctzung? Sie k\u00f6nnen mich jederzeit kontaktieren, um weitere Details und Ihre Projekte zu besprechen. Kontakt aufnehmen","og_url":"https:\/\/protekno.org\/de\/paketler-tr\/","og_site_name":"PRO Tekno Ajans\u0131","article_modified_time":"2026-03-29T12:33:48+00:00","twitter_card":"summary_large_image","twitter_misc":{"Gesch\u00e4tzte Lesezeit":"1\u00a0Minute"},"schema":{"@context":"https:\/\/schema.org","@graph":[{"@type":"WebPage","@id":"https:\/\/protekno.org\/de\/paketler-tr\/","url":"https:\/\/protekno.org\/de\/paketler-tr\/","name":"Pakete DEU - PRO Tekno Ajans\u0131","isPartOf":{"@id":"https:\/\/protekno.org\/#website"},"datePublished":"2026-03-29T12:05:18+00:00","dateModified":"2026-03-29T12:33:48+00:00","breadcrumb":{"@id":"https:\/\/protekno.org\/de\/paketler-tr\/#breadcrumb"},"inLanguage":"de","potentialAction":[{"@type":"ReadAction","target":["https:\/\/protekno.org\/de\/paketler-tr\/"]}]},{"@type":"BreadcrumbList","@id":"https:\/\/protekno.org\/de\/paketler-tr\/#breadcrumb","itemListElement":[{"@type":"ListItem","position":1,"name":"Home","item":"https:\/\/protekno.org\/de\/"},{"@type":"ListItem","position":2,"name":"Pakete DEU"}]},{"@type":"WebSite","@id":"https:\/\/protekno.org\/#website","url":"https:\/\/protekno.org\/","name":"PRO Tekno Ajans\u0131","description":"Profesyonel SEO Ajans\u0131, \u0130stanbulda Kadik\u00f6yde SEO E\u011fitimi","potentialAction":[{"@type":"SearchAction","target":{"@type":"EntryPoint","urlTemplate":"https:\/\/protekno.org\/?s={search_term_string}"},"query-input":{"@type":"PropertyValueSpecification","valueRequired":true,"valueName":"search_term_string"}}],"inLanguage":"de"}]}},"_links":{"self":[{"href":"https:\/\/protekno.org\/de\/wp-json\/wp\/v2\/pages\/4083","targetHints":{"allow":["GET"]}}],"collection":[{"href":"https:\/\/protekno.org\/de\/wp-json\/wp\/v2\/pages"}],"about":[{"href":"https:\/\/protekno.org\/de\/wp-json\/wp\/v2\/types\/page"}],"author":[{"embeddable":true,"href":"https:\/\/protekno.org\/de\/wp-json\/wp\/v2\/users\/1"}],"replies":[{"embeddable":true,"href":"https:\/\/protekno.org\/de\/wp-json\/wp\/v2\/comments?post=4083"}],"version-history":[{"count":3,"href":"https:\/\/protekno.org\/de\/wp-json\/wp\/v2\/pages\/4083\/revisions"}],"predecessor-version":[{"id":4086,"href":"https:\/\/protekno.org\/de\/wp-json\/wp\/v2\/pages\/4083\/revisions\/4086"}],"wp:attachment":[{"href":"https:\/\/protekno.org\/de\/wp-json\/wp\/v2\/media?parent=4083"}],"curies":[{"name":"wp","href":"https:\/\/api.w.org\/{rel}","templated":true}]}}